{"id":4429,"date":"2024-04-10T06:07:07","date_gmt":"2024-04-10T04:07:07","guid":{"rendered":"https:\/\/www.jeudepaumebayonne.com\/?page_id=4429"},"modified":"2024-04-10T06:36:10","modified_gmt":"2024-04-10T04:36:10","slug":"mentions-legales","status":"publish","type":"page","link":"https:\/\/www.jeudepaumebayonne.com\/en\/mentions-legales\/","title":{"rendered":"Mentions L\u00e9gales"},"content":{"rendered":"<div data-elementor-type=\"wp-page\" data-elementor-id=\"4429\" class=\"elementor elementor-4429\">\n\t\t\t\t<div class=\"elementor-element elementor-element-fc37119 e-con-full e-flex e-con e-parent\" data-id=\"fc37119\" data-element_type=\"container\" data-e-type=\"container\">\n\t\t\t\t<div class=\"elementor-element elementor-element-274c756 elementor-widget elementor-widget-text-editor\" data-id=\"274c756\" data-element_type=\"widget\" data-e-type=\"widget\" data-widget_type=\"text-editor.default\">\n\t\t\t\t<div class=\"elementor-widget-container\">\n\t\t\t\t\t\t\t\t\t<p><strong>Mentions l\u00e9gales&nbsp;:<\/strong><\/p>\n<p><b><br><\/b>Le Site jeudepaumebayonne.com est la propri\u00e9t\u00e9 de l\u2019Association Sportive Euskal Real Tennis.&nbsp;<\/p>\n<p>Son si\u00e8ge social est&nbsp;: 4 rue du Jeu de Paume, 64100 Bayonne<br>Contact&nbsp;: Tel&nbsp;: 06 76 94 13 \u2013 Mail&nbsp;: contact@jeudepaumebayonne.com<br>Directeur de la Publication&nbsp;: C\u00e9cile Alchut\u00e9guy<\/p>\n<p><strong>H\u00e9bergeur&nbsp;:<\/strong><br>OVH &#8211; SAS au capital de 10 174 560 \u20ac<br>RCS Lille M\u00e9tropole 424 761 419 00045 &#8211; Code APE 2620Z<br>N\u00b0 TVA : FR 22 424 761 419 &#8211;&nbsp;<span style=\"color: var( --e-global-color-text ); font-family: var( --e-global-typography-text-font-family ), Sans-serif; font-size: var( --e-global-typography-text-font-size ); font-style: var( --e-global-typography-text-font-style ); font-weight: var( --e-global-typography-text-font-weight ); letter-spacing: var( --e-global-typography-text-letter-spacing ); text-transform: var( --e-global-typography-text-text-transform ); word-spacing: var( --e-global-typography-text-word-spacing );\">Si\u00e8ge social : 2 rue Kellermann \u2013 59100 Roubaix \u2013 France<\/span><\/p>\n<p><strong>Conditions g\u00e9n\u00e9rales d\u2019utilisation du site Internet<\/strong> :<br>Les contenus figurant sur le site sont la propri\u00e9t\u00e9 de l\u2019association sportive Euskal Real Tennis. Toute utilisation, reproduction ou repr\u00e9sentation, de tout ou partie du site et\/ou des \u00e9l\u00e9ments qui le composent n\u2019est pas autoris\u00e9e sans le consentement de Euskal Real Tennis.<br>En acc\u00e9dant et en naviguant sur le Site, l\u2019utilisateur est r\u00e9put\u00e9 accepter pleinement et enti\u00e8rement les Conditions G\u00e9n\u00e9rales suivantes et s\u2019engage \u00e0 s\u2019y conformer.<\/p>\n<p><strong>Acc\u00e8s et utilisation du Site&nbsp;:<\/strong><br>Le Site est accessible gratuitement \u00e0 tout utilisateur disposant d\u2019un acc\u00e8s internet, sous r\u00e9serve de la capacit\u00e9 et de la compatibilit\u00e9 de ses \u00e9quipements. L\u2019utilisateur ne doit pas agir d\u2019une fa\u00e7on qui pourrait endommager, perturber ou surcharger le Site, en r\u00e9aliser une copie, ou emp\u00eacher, par quelque moyen que ce soit, son usage et ses fonctionnalit\u00e9s normales.<\/p>\n<p><strong>Garantie et limitation de responsabilit\u00e9&nbsp;:<\/strong><br>Euskal Real Tennis met en \u0153uvre ses meilleurs efforts pour fournir \u00e0 l\u2019utilisateur, des informations de qualit\u00e9, et optimiser la s\u00e9curit\u00e9 de navigation du Site dans le respect de la l\u00e9gislation sur la protection des&nbsp;Donn\u00e9es personnelles.<\/p>\n<p>Euskal Real Tennis est susceptible de collecter des informations \u00e0 partir du formulaire de contact. Ces donn\u00e9es ne seront pas stock\u00e9es au-del\u00e0 de 3 ans. Conform\u00e9ment \u00e0 la loi \u00ab&nbsp;Informatique et Libert\u00e9s&nbsp;\u00bb, l\u2019utilisateur \u00e0 le droit de demander la rectification ou la suppression de ces informations via le formulaire de conctact.&nbsp;<\/p>\n<p>Pour plus d\u2019informations&nbsp;: consulter directement le site de la&nbsp;CNIL, organisme en charge de la mise en application du RGPD.<\/p>\n<p><strong>Cookies&nbsp;:<\/strong><br>Dans le cadre de la navigation sur le Site jeudepaumebayonne.com, certains cookies ou autres traceurs peuvent \u00eatre install\u00e9s sur le mat\u00e9riel de l\u2019utilisateur (ordinateur, tablette ou t\u00e9l\u00e9phone mobile).<\/p>\n<p>Les cookies incluent&nbsp;: des cookies strictement n\u00e9cessaires pour le fonctionnement du Site, des cookies de performances, utilis\u00e9s pour collecter des donn\u00e9es anonymes \u00e0 des fins statistiques, des cookies de personnalisation ou de fonctionnalit\u00e9.<\/p>\n<p>Le consentement est demand\u00e9 lors de la 1er visite sur le site. L\u2019utilisateur peut \u00e0 se moment l\u00e0 refuser les cookies non n\u00e9cessaires. Refuser tous les cookies peut entra\u00eener des limitations lors de l\u2019utilisation du Site.<\/p>\n<p><strong>Hyperliens&nbsp;:<\/strong><br>Des liens hypertextes peuvent \u00eatre mis en place dans le cadre de ce site en direction d\u2019autres ressources pr\u00e9sentes sur le r\u00e9seau Internet. Ne pas h\u00e9siter \u00e0 consulter les politiques de confidentialit\u00e9 de ces sites avant de les visiter, Euskal Real Tennis n\u2019excercant aucun contr\u00f4le sur le contenu de ces sites.<\/p>\t\t\t\t\t\t\t\t<\/div>\n\t\t\t\t<\/div>\n\t\t\t\t<\/div>\n\t\t\t\t<\/div>","protected":false},"excerpt":{"rendered":"<p>Mentions l\u00e9gales&nbsp;: Le Site jeudepaumebayonne.com est la propri\u00e9t\u00e9 de l\u2019Association Sportive Euskal Real Tennis.&nbsp; Son si\u00e8ge social est&nbsp;: 4 rue du Jeu de Paume, 64100 BayonneContact&nbsp;: Tel&nbsp;: 06 76 94 [&hellip;]<\/p>\n","protected":false},"author":1,"featured_media":0,"parent":0,"menu_order":0,"comment_status":"closed","ping_status":"closed","template":"elementor_header_footer","meta":{"footnotes":""},"class_list":["post-4429","page","type-page","status-publish","hentry"],"jetpack_sharing_enabled":true,"_links":{"self":[{"href":"https:\/\/www.jeudepaumebayonne.com\/en\/wp-json\/wp\/v2\/pages\/4429","targetHints":{"allow":["GET"]}}],"collection":[{"href":"https:\/\/www.jeudepaumebayonne.com\/en\/wp-json\/wp\/v2\/pages"}],"about":[{"href":"https:\/\/www.jeudepaumebayonne.com\/en\/wp-json\/wp\/v2\/types\/page"}],"author":[{"embeddable":true,"href":"https:\/\/www.jeudepaumebayonne.com\/en\/wp-json\/wp\/v2\/users\/1"}],"replies":[{"embeddable":true,"href":"https:\/\/www.jeudepaumebayonne.com\/en\/wp-json\/wp\/v2\/comments?post=4429"}],"version-history":[{"count":4,"href":"https:\/\/www.jeudepaumebayonne.com\/en\/wp-json\/wp\/v2\/pages\/4429\/revisions"}],"predecessor-version":[{"id":4433,"href":"https:\/\/www.jeudepaumebayonne.com\/en\/wp-json\/wp\/v2\/pages\/4429\/revisions\/4433"}],"wp:attachment":[{"href":"https:\/\/www.jeudepaumebayonne.com\/en\/wp-json\/wp\/v2\/media?parent=4429"}],"curies":[{"name":"wp","href":"https:\/\/api.w.org\/{rel}","templated":true}]}}