{"id":6002,"date":"2024-05-02T10:12:36","date_gmt":"2024-05-02T08:12:36","guid":{"rendered":"https:\/\/www.jeudepaumebayonne.com\/?page_id=6002"},"modified":"2024-05-27T04:46:46","modified_gmt":"2024-05-27T02:46:46","slug":"notre-territoire","status":"publish","type":"page","link":"https:\/\/www.jeudepaumebayonne.com\/en\/notre-territoire\/","title":{"rendered":"Our Territory"},"content":{"rendered":"<div data-elementor-type=\"wp-page\" data-elementor-id=\"6002\" class=\"elementor elementor-6002\">\n\t\t\t\t<div class=\"elementor-element elementor-element-a72b69c e-con-full e-flex e-con e-parent\" data-id=\"a72b69c\" data-element_type=\"container\" data-e-type=\"container\">\n\t\t\t\t<div class=\"elementor-element elementor-element-c1c5465 elementor-widget elementor-widget-spacer\" data-id=\"c1c5465\" data-element_type=\"widget\" data-e-type=\"widget\" data-widget_type=\"spacer.default\">\n\t\t\t\t<div class=\"elementor-widget-container\">\n\t\t\t\t\t\t\t<div class=\"elementor-spacer\">\n\t\t\t<div class=\"elementor-spacer-inner\"><\/div>\n\t\t<\/div>\n\t\t\t\t\t\t<\/div>\n\t\t\t\t<\/div>\n\t\t\t\t<\/div>\n\t\t<div class=\"elementor-element elementor-element-ac3a62f e-con-full e-flex e-con e-parent\" data-id=\"ac3a62f\" data-element_type=\"container\" data-e-type=\"container\">\n\t\t<div class=\"elementor-element elementor-element-40f83a5 e-con-full e-flex e-con e-child\" data-id=\"40f83a5\" data-element_type=\"container\" data-e-type=\"container\">\n\t\t\t\t<div class=\"elementor-element elementor-element-a221abe e-transform elementor-widget elementor-widget-text-editor\" data-id=\"a221abe\" data-element_type=\"widget\" data-e-type=\"widget\" data-settings=\"{&quot;_transform_scale_effect_mobile&quot;:{&quot;unit&quot;:&quot;px&quot;,&quot;size&quot;:0.9,&quot;sizes&quot;:[]},&quot;_transform_scale_effect&quot;:{&quot;unit&quot;:&quot;px&quot;,&quot;size&quot;:&quot;&quot;,&quot;sizes&quot;:[]},&quot;_transform_scale_effect_tablet&quot;:{&quot;unit&quot;:&quot;px&quot;,&quot;size&quot;:&quot;&quot;,&quot;sizes&quot;:[]}}\" data-widget_type=\"text-editor.default\">\n\t\t\t\t<div class=\"elementor-widget-container\">\n\t\t\t\t\t\t\t\t\t<p>The Basque country<\/p>\t\t\t\t\t\t\t\t<\/div>\n\t\t\t\t<\/div>\n\t\t\t\t<\/div>\n\t\t<div class=\"elementor-element elementor-element-5f34d36 e-con-full e-flex e-con e-child\" data-id=\"5f34d36\" data-element_type=\"container\" data-e-type=\"container\">\n\t\t\t\t<div class=\"elementor-element elementor-element-5935a76 elementor-hidden-mobile elementor-widget elementor-widget-spacer\" data-id=\"5935a76\" data-element_type=\"widget\" data-e-type=\"widget\" data-widget_type=\"spacer.default\">\n\t\t\t\t<div class=\"elementor-widget-container\">\n\t\t\t\t\t\t\t<div class=\"elementor-spacer\">\n\t\t\t<div class=\"elementor-spacer-inner\"><\/div>\n\t\t<\/div>\n\t\t\t\t\t\t<\/div>\n\t\t\t\t<\/div>\n\t\t\t\t<\/div>\n\t\t\t\t<\/div>\n\t\t<div class=\"elementor-element elementor-element-d9c4b3f e-con-full e-flex e-con e-parent\" data-id=\"d9c4b3f\" data-element_type=\"container\" data-e-type=\"container\">\n\t\t\t\t<div class=\"elementor-element elementor-element-cad532f e-transform elementor-widget elementor-widget-text-editor\" data-id=\"cad532f\" data-element_type=\"widget\" data-e-type=\"widget\" data-settings=\"{&quot;_transform_scale_effect_mobile&quot;:{&quot;unit&quot;:&quot;px&quot;,&quot;size&quot;:0.9,&quot;sizes&quot;:[]},&quot;_transform_scale_effect&quot;:{&quot;unit&quot;:&quot;px&quot;,&quot;size&quot;:&quot;&quot;,&quot;sizes&quot;:[]},&quot;_transform_scale_effect_tablet&quot;:{&quot;unit&quot;:&quot;px&quot;,&quot;size&quot;:&quot;&quot;,&quot;sizes&quot;:[]}}\" data-widget_type=\"text-editor.default\">\n\t\t\t\t<div class=\"elementor-widget-container\">\n\t\t\t\t\t\t\t\t\t<p class=\"translation-block\">Through the colors and authenticity of its provinces - from the north of France to those of the south in Spain - the Basque country has forged the character of the men and women who inhabit it: a unique Basque language, a strong identity, a rich gastronomy (pintxos, cheeses, seafood, chocolate, etc.), and many ancestral traditions.\nThe Basque language is the oldest still spoken in Europe.\nWe find all of it in the richness of the Basque soul, in its traditions, its music and its folk dances.\nThe frontis walls, the trinquets - including those which allow us to continue to play real-tennis  - are present in all the villages.\nPelota, and the many ball games that result from it, bring everyone together with lively competitions and joyfully shared moments of basque sporting life.<\/p>\t\t\t\t\t\t\t\t<\/div>\n\t\t\t\t<\/div>\n\t\t\t\t<\/div>\n\t\t<div class=\"elementor-element elementor-element-af6a244 e-con-full e-flex e-con e-parent\" data-id=\"af6a244\" data-element_type=\"container\" data-e-type=\"container\">\n\t\t\t\t<div class=\"elementor-element elementor-element-0f6a4e0 elementor-hidden-mobile elementor-widget elementor-widget-spacer\" data-id=\"0f6a4e0\" data-element_type=\"widget\" data-e-type=\"widget\" data-widget_type=\"spacer.default\">\n\t\t\t\t<div class=\"elementor-widget-container\">\n\t\t\t\t\t\t\t<div class=\"elementor-spacer\">\n\t\t\t<div class=\"elementor-spacer-inner\"><\/div>\n\t\t<\/div>\n\t\t\t\t\t\t<\/div>\n\t\t\t\t<\/div>\n\t\t\t\t<\/div>\n\t\t<div class=\"elementor-element elementor-element-94c7187 e-con-full e-flex e-con e-parent\" data-id=\"94c7187\" data-element_type=\"container\" data-e-type=\"container\">\n\t\t<div class=\"elementor-element elementor-element-4f0335a e-con-full e-flex e-con e-child\" data-id=\"4f0335a\" data-element_type=\"container\" data-e-type=\"container\">\n\t\t\t\t<div class=\"elementor-element elementor-element-c671db4 e-transform elementor-widget elementor-widget-text-editor\" data-id=\"c671db4\" data-element_type=\"widget\" data-e-type=\"widget\" data-settings=\"{&quot;_transform_scale_effect_mobile&quot;:{&quot;unit&quot;:&quot;px&quot;,&quot;size&quot;:0.9,&quot;sizes&quot;:[]},&quot;_transform_scale_effect&quot;:{&quot;unit&quot;:&quot;px&quot;,&quot;size&quot;:&quot;&quot;,&quot;sizes&quot;:[]},&quot;_transform_scale_effect_tablet&quot;:{&quot;unit&quot;:&quot;px&quot;,&quot;size&quot;:&quot;&quot;,&quot;sizes&quot;:[]}}\" data-widget_type=\"text-editor.default\">\n\t\t\t\t<div class=\"elementor-widget-container\">\n\t\t\t\t\t\t\t\t\t<p>Our Partners<\/p>\t\t\t\t\t\t\t\t<\/div>\n\t\t\t\t<\/div>\n\t\t\t\t<\/div>\n\t\t<div class=\"elementor-element elementor-element-59d6170 e-con-full e-flex e-con e-child\" data-id=\"59d6170\" data-element_type=\"container\" data-e-type=\"container\">\n\t\t\t\t<div class=\"elementor-element elementor-element-cd2593e elementor-hidden-mobile elementor-widget elementor-widget-spacer\" data-id=\"cd2593e\" data-element_type=\"widget\" data-e-type=\"widget\" data-widget_type=\"spacer.default\">\n\t\t\t\t<div class=\"elementor-widget-container\">\n\t\t\t\t\t\t\t<div class=\"elementor-spacer\">\n\t\t\t<div class=\"elementor-spacer-inner\"><\/div>\n\t\t<\/div>\n\t\t\t\t\t\t<\/div>\n\t\t\t\t<\/div>\n\t\t\t\t<\/div>\n\t\t\t\t<\/div>\n\t\t<div class=\"elementor-element elementor-element-eb99aac e-con-full e-flex e-con e-parent\" data-id=\"eb99aac\" data-element_type=\"container\" data-e-type=\"container\">\n\t\t\t\t<div class=\"elementor-element elementor-element-9298d39 e-transform elementor-widget elementor-widget-text-editor\" data-id=\"9298d39\" data-element_type=\"widget\" data-e-type=\"widget\" data-settings=\"{&quot;_transform_scale_effect_mobile&quot;:{&quot;unit&quot;:&quot;px&quot;,&quot;size&quot;:0.9,&quot;sizes&quot;:[]},&quot;_transform_scale_effect&quot;:{&quot;unit&quot;:&quot;px&quot;,&quot;size&quot;:&quot;&quot;,&quot;sizes&quot;:[]},&quot;_transform_scale_effect_tablet&quot;:{&quot;unit&quot;:&quot;px&quot;,&quot;size&quot;:&quot;&quot;,&quot;sizes&quot;:[]}}\" data-widget_type=\"text-editor.default\">\n\t\t\t\t<div class=\"elementor-widget-container\">\n\t\t\t\t\t\t\t\t\t<p>In harmony with the richness of the region, our association wishes to establish itself as a friendly bridge between local heritage and the local community.\u00a0<br \/>Tournaments and sporting get-togethers become moments of mutual appreciation, highlighting the cultural, gastronomic and artistic resources specific to the region.\u00a0<br \/>This approach promotes an authentic connection between local residents and their environment, thus strengthening social bonds through a common passion for the game of real-tennis.<br \/>Thank you to our partners for their commitment and their valuable contribution to the development of real-tennis in our region.<\/p>\t\t\t\t\t\t\t\t<\/div>\n\t\t\t\t<\/div>\n\t\t\t\t<\/div>\n\t\t<div class=\"elementor-element elementor-element-41c1dc9 e-con-full e-flex e-con e-parent\" data-id=\"41c1dc9\" data-element_type=\"container\" data-e-type=\"container\">\n\t\t\t\t<div class=\"elementor-element elementor-element-17405f7 e-transform elementor-widget elementor-widget-spacer\" data-id=\"17405f7\" data-element_type=\"widget\" data-e-type=\"widget\" data-settings=\"{&quot;_transform_scale_effect_mobile&quot;:{&quot;unit&quot;:&quot;px&quot;,&quot;size&quot;:0.9,&quot;sizes&quot;:[]},&quot;_transform_scale_effect&quot;:{&quot;unit&quot;:&quot;px&quot;,&quot;size&quot;:&quot;&quot;,&quot;sizes&quot;:[]},&quot;_transform_scale_effect_tablet&quot;:{&quot;unit&quot;:&quot;px&quot;,&quot;size&quot;:&quot;&quot;,&quot;sizes&quot;:[]}}\" data-widget_type=\"spacer.default\">\n\t\t\t\t<div class=\"elementor-widget-container\">\n\t\t\t\t\t\t\t<div class=\"elementor-spacer\">\n\t\t\t<div class=\"elementor-spacer-inner\"><\/div>\n\t\t<\/div>\n\t\t\t\t\t\t<\/div>\n\t\t\t\t<\/div>\n\t\t\t\t<\/div>\n\t\t\t\t<\/div>","protected":false},"excerpt":{"rendered":"<p>Le Pays Basque Par les couleurs et l&rsquo;authenticit\u00e9 de ses provinces &#8211; du Nord en France \u00e0 celles du Sud en Espagne &#8211; le Pays Basque a forg\u00e9 le caract\u00e8re [&hellip;]<\/p>\n","protected":false},"author":1,"featured_media":0,"parent":0,"menu_order":0,"comment_status":"closed","ping_status":"closed","template":"","meta":{"footnotes":""},"class_list":["post-6002","page","type-page","status-publish","hentry"],"jetpack_sharing_enabled":true,"_links":{"self":[{"href":"https:\/\/www.jeudepaumebayonne.com\/en\/wp-json\/wp\/v2\/pages\/6002","targetHints":{"allow":["GET"]}}],"collection":[{"href":"https:\/\/www.jeudepaumebayonne.com\/en\/wp-json\/wp\/v2\/pages"}],"about":[{"href":"https:\/\/www.jeudepaumebayonne.com\/en\/wp-json\/wp\/v2\/types\/page"}],"author":[{"embeddable":true,"href":"https:\/\/www.jeudepaumebayonne.com\/en\/wp-json\/wp\/v2\/users\/1"}],"replies":[{"embeddable":true,"href":"https:\/\/www.jeudepaumebayonne.com\/en\/wp-json\/wp\/v2\/comments?post=6002"}],"version-history":[{"count":21,"href":"https:\/\/www.jeudepaumebayonne.com\/en\/wp-json\/wp\/v2\/pages\/6002\/revisions"}],"predecessor-version":[{"id":6863,"href":"https:\/\/www.jeudepaumebayonne.com\/en\/wp-json\/wp\/v2\/pages\/6002\/revisions\/6863"}],"wp:attachment":[{"href":"https:\/\/www.jeudepaumebayonne.com\/en\/wp-json\/wp\/v2\/media?parent=6002"}],"curies":[{"name":"wp","href":"https:\/\/api.w.org\/{rel}","templated":true}]}}